{"id":111,"date":"2014-01-15T12:50:52","date_gmt":"2014-01-15T10:50:52","guid":{"rendered":"http:\/\/www.ladedaten.wiederlader.tv\/Database\/?page_id=111"},"modified":"2017-12-20T02:03:46","modified_gmt":"2017-12-20T00:03:46","slug":"faq","status":"publish","type":"page","link":"https:\/\/www.ladedaten.wiederlader.tv\/Database\/faq\/","title":{"rendered":"FAQ"},"content":{"rendered":"<h2>Hier findest du Antworten auf einige Fragen<\/h2>\n<p>&nbsp;<\/p>\n<p><span style=\"text-decoration: underline;\"><strong>&#8211; Wie kann ich mich anmelden \/ registrieren?<\/strong><\/span><\/p>\n<p>Bitte einfach auf \u201eLadedaten Eintragen\u201c klicken. Es erscheint dann das Anmelde- und das Registrierungsfeld.<\/p>\n<p>&nbsp;<\/p>\n<p><span style=\"text-decoration: underline;\"><strong>&#8212; Ich sehe nur eine Auflistung der Ladedaten aber keine Details.<\/strong><\/span><br \/>\nBitte klicke mit der Maus auf das &#8222;Geschossgewicht&#8220;. Es \u00f6ffnen<br \/>\nsich dann die jeweiligen Ladedaten im Detail. Dazu musst du jedoch<br \/>\nMitglied bei uns sein. F\u00fcr eine kostenlose Mitgliedschaft musst du<br \/>\ndich nur bei uns registrieren. Danach unbedingt noch im Mitgliederbereich<br \/>\ndas Paket &#8222;kostenlose Mitgliedschaft&#8220; ausw\u00e4hlen; dann kannst du<br \/>\nalle Mitgliederbereiche betreten.<\/p>\n<p>&nbsp;<\/p>\n<p><span style=\"text-decoration: underline;\"><strong>&#8212; Ich kann keine Ladedaten \u00fcbermitteln<\/strong><\/span><br \/>\nDaf\u00fcr musst du als Mitglied angemeldet sein; bitte registriere dich<br \/>\nund\/oder melde dich mit deinen Nutzerdaten an.<\/p>\n<p>&nbsp;<\/p>\n<p><span style=\"text-decoration: underline;\"><strong>&#8212; Warum sind meine Ladedaten noch nicht \u00f6ffentlich sichtbar?<\/strong><\/span><br \/>\nAlle neuen Eintr\u00e4ge werden zun\u00e4chst vom Administrator auf<br \/>\nFormfehler und Plausibilit\u00e4t \u00fcberpr\u00fcft; die Freischaltung erfolgt<br \/>\nso schnell wie m\u00f6glich.<\/p>\n<p>&nbsp;<\/p>\n<p><span style=\"text-decoration: underline;\"><strong>&#8212; Was bedeuten die Bemerkungen &#8222;Auf Sicherheit \u00fcberpr\u00fcft&#8220; und &#8222;Nicht auf Sicherheit \u00fcberpr\u00fcft&#8220; ?<\/strong><\/span><br \/>\n\u00dcberpr\u00fcfte Eintr\u00e4ge wurden von uns mit dem Programm Quickload ermittelt oder aber selbst<br \/>\nausprobiert. Die gezeigten Erfahrungen mit der jeweiligen Ladung wird von uns als &#8222;Sicher&#8220; bewertet.<br \/>\nEine rechtsverbindliche aussage ist dies jedoch nicht. Es gilt grunds\u00e4tzlich der Haftungsausschluss<br \/>\nbei Verwendung der Ladedaten.<\/p>\n<p>&nbsp;<\/p>\n<p><span style=\"text-decoration: underline;\"><strong>&#8212; Wieso muss ich das Feld Bemerkung ausf\u00fcllen?<\/strong><\/span><br \/>\nF\u00fcr jede Laborierung sollte ein kleiner Vermerk f\u00fcr Einsatzzweck oder pers\u00f6nliche<br \/>\nErfahrung stehen, damit sich ein Besucher vorab ein Bild machen kann.<br \/>\nSollten die Ladedaten von einem anderen stammen, ist hier auch die Quelle zu nennen.<\/p>\n<p>&nbsp;<\/p>\n<p><span style=\"text-decoration: underline;\"><strong>&#8212; Mein Konto wurde gesperrt!<\/strong><\/span><br \/>\nDas tut uns leid; die Ursachen daf\u00fcr k\u00f6nnen Beschwerden von anderen Nutzern oder<br \/>\nwiederholte Eintragungen von Ladedaten sein, die nicht sicher verwendet werden k\u00f6nnen.<\/p>\n<p>&nbsp;<\/p>\n<p><span style=\"text-decoration: underline;\"><strong>&#8212; Besteht ein Rechtsanspruch auf diesen Dienst und meine Daten?<\/strong><\/span><br \/>\nNein, dieser Dienst wird komplett kostenlos angeboten. Du kannst deine Daten und Eintr\u00e4ge<br \/>\njederzeit selbst \u00e4ndern. Sollte deine Mitgliedschaft enden, werden alle deine Eintr\u00e4ge automatisch gel\u00f6scht<br \/>\noder auf einen anderen Nutzer \u00fcbertragen.<\/p>\n<p>&nbsp;<\/p>\n<p>&nbsp;<\/p>\n","protected":false},"excerpt":{"rendered":"<p>Hier findest du Antworten auf einige Fragen &nbsp; &#8211; Wie kann ich mich anmelden \/ registrieren? Bitte einfach auf \u201eLadedaten Eintragen\u201c klicken. Es erscheint dann das Anmelde- und das Registrierungsfeld. &nbsp; &#8212; Ich sehe nur eine Auflistung der Ladedaten aber keine Details. Bitte klicke mit der Maus auf das &#8222;Geschossgewicht&#8220;. Es \u00f6ffnen sich dann die [&hellip;]<\/p>\n","protected":false},"author":1,"featured_media":0,"parent":0,"menu_order":0,"comment_status":"open","ping_status":"open","template":"","meta":[],"_links":{"self":[{"href":"https:\/\/www.ladedaten.wiederlader.tv\/Database\/wp-json\/wp\/v2\/pages\/111"}],"collection":[{"href":"https:\/\/www.ladedaten.wiederlader.tv\/Database\/wp-json\/wp\/v2\/pages"}],"about":[{"href":"https:\/\/www.ladedaten.wiederlader.tv\/Database\/wp-json\/wp\/v2\/types\/page"}],"author":[{"embeddable":true,"href":"https:\/\/www.ladedaten.wiederlader.tv\/Database\/wp-json\/wp\/v2\/users\/1"}],"replies":[{"embeddable":true,"href":"https:\/\/www.ladedaten.wiederlader.tv\/Database\/wp-json\/wp\/v2\/comments?post=111"}],"version-history":[{"count":7,"href":"https:\/\/www.ladedaten.wiederlader.tv\/Database\/wp-json\/wp\/v2\/pages\/111\/revisions"}],"predecessor-version":[{"id":635,"href":"https:\/\/www.ladedaten.wiederlader.tv\/Database\/wp-json\/wp\/v2\/pages\/111\/revisions\/635"}],"wp:attachment":[{"href":"https:\/\/www.ladedaten.wiederlader.tv\/Database\/wp-json\/wp\/v2\/media?parent=111"}],"curies":[{"name":"wp","href":"https:\/\/api.w.org\/{rel}","templated":true}]}}